{"id":1853,"date":"2023-05-24T15:42:22","date_gmt":"2023-05-24T13:42:22","guid":{"rendered":"https:\/\/onecommerce.pl\/ogrody\/?page_id=1853"},"modified":"2023-09-05T14:48:26","modified_gmt":"2023-09-05T12:48:26","slug":"mission","status":"publish","type":"page","link":"https:\/\/www.ogrod.uw.edu.pl\/en\/mission\/","title":{"rendered":"Mission"},"content":{"rendered":"","protected":false},"excerpt":{"rendered":"","protected":false},"author":1,"featured_media":0,"parent":0,"menu_order":0,"comment_status":"closed","ping_status":"closed","template":"example-page.php","meta":{"_acf_changed":false,"footnotes":""},"class_list":["post-1853","page","type-page","status-publish","hentry"],"acf":[],"yoast_head":"<!-- This site is optimized with the Yoast SEO plugin v27.3 - https:\/\/yoast.com\/product\/yoast-seo-wordpress\/ -->\n<title>Mission - Ogr\u00f3d Botaniczny Uniwersytetu Warszawskiego<\/title>\n<meta name=\"robots\" content=\"index, follow, max-snippet:-1, max-image-preview:large, max-video-preview:-1\" \/>\n<link rel=\"canonical\" href=\"https:\/\/www.ogrod.uw.edu.pl\/en\/mission\/\" \/>\n<meta property=\"og:locale\" content=\"en_US\" \/>\n<meta property=\"og:type\" content=\"article\" \/>\n<meta property=\"og:title\" content=\"Mission - Ogr\u00f3d Botaniczny Uniwersytetu Warszawskiego\" \/>\n<meta property=\"og:url\" content=\"https:\/\/www.ogrod.uw.edu.pl\/en\/mission\/\" \/>\n<meta property=\"og:site_name\" content=\"Ogr\u00f3d Botaniczny Uniwersytetu Warszawskiego\" \/>\n<meta property=\"article:modified_time\" content=\"2023-09-05T12:48:26+00:00\" \/>\n<meta name=\"twitter:card\" content=\"summary_large_image\" \/>\n<script type=\"application\/ld+json\" class=\"yoast-schema-graph\">{\"@context\":\"https:\\\/\\\/schema.org\",\"@graph\":[{\"@type\":\"WebPage\",\"@id\":\"https:\\\/\\\/www.ogrod.uw.edu.pl\\\/en\\\/mission\\\/\",\"url\":\"https:\\\/\\\/www.ogrod.uw.edu.pl\\\/en\\\/mission\\\/\",\"name\":\"Mission - Ogr\u00f3d Botaniczny Uniwersytetu Warszawskiego\",\"isPartOf\":{\"@id\":\"https:\\\/\\\/www.ogrod.uw.edu.pl\\\/#website\"},\"datePublished\":\"2023-05-24T13:42:22+00:00\",\"dateModified\":\"2023-09-05T12:48:26+00:00\",\"breadcrumb\":{\"@id\":\"https:\\\/\\\/www.ogrod.uw.edu.pl\\\/en\\\/mission\\\/#breadcrumb\"},\"inLanguage\":\"en-US\",\"potentialAction\":[{\"@type\":\"ReadAction\",\"target\":[\"https:\\\/\\\/www.ogrod.uw.edu.pl\\\/en\\\/mission\\\/\"]}]},{\"@type\":\"BreadcrumbList\",\"@id\":\"https:\\\/\\\/www.ogrod.uw.edu.pl\\\/en\\\/mission\\\/#breadcrumb\",\"itemListElement\":[{\"@type\":\"ListItem\",\"position\":1,\"name\":\"Strona g\u0142\u00f3wna\",\"item\":\"https:\\\/\\\/www.ogrod.uw.edu.pl\\\/en\\\/\"},{\"@type\":\"ListItem\",\"position\":2,\"name\":\"Mission\"}]},{\"@type\":\"WebSite\",\"@id\":\"https:\\\/\\\/www.ogrod.uw.edu.pl\\\/#website\",\"url\":\"https:\\\/\\\/www.ogrod.uw.edu.pl\\\/\",\"name\":\"Ogr\u00f3d Botaniczny Uniwersytetu Warszawskiego\",\"description\":\"Z ro\u015blinami, o ro\u015blinach i dla ro\u015blin\",\"potentialAction\":[{\"@type\":\"SearchAction\",\"target\":{\"@type\":\"EntryPoint\",\"urlTemplate\":\"https:\\\/\\\/www.ogrod.uw.edu.pl\\\/?s={search_term_string}\"},\"query-input\":{\"@type\":\"PropertyValueSpecification\",\"valueRequired\":true,\"valueName\":\"search_term_string\"}}],\"inLanguage\":\"en-US\"}]}<\/script>\n<!-- \/ Yoast SEO plugin. -->","yoast_head_json":{"title":"Mission - Ogr\u00f3d Botaniczny Uniwersytetu Warszawskiego","robots":{"index":"index","follow":"follow","max-snippet":"max-snippet:-1","max-image-preview":"max-image-preview:large","max-video-preview":"max-video-preview:-1"},"canonical":"https:\/\/www.ogrod.uw.edu.pl\/en\/mission\/","og_locale":"en_US","og_type":"article","og_title":"Mission - Ogr\u00f3d Botaniczny Uniwersytetu Warszawskiego","og_url":"https:\/\/www.ogrod.uw.edu.pl\/en\/mission\/","og_site_name":"Ogr\u00f3d Botaniczny Uniwersytetu Warszawskiego","article_modified_time":"2023-09-05T12:48:26+00:00","twitter_card":"summary_large_image","schema":{"@context":"https:\/\/schema.org","@graph":[{"@type":"WebPage","@id":"https:\/\/www.ogrod.uw.edu.pl\/en\/mission\/","url":"https:\/\/www.ogrod.uw.edu.pl\/en\/mission\/","name":"Mission - Ogr\u00f3d Botaniczny Uniwersytetu Warszawskiego","isPartOf":{"@id":"https:\/\/www.ogrod.uw.edu.pl\/#website"},"datePublished":"2023-05-24T13:42:22+00:00","dateModified":"2023-09-05T12:48:26+00:00","breadcrumb":{"@id":"https:\/\/www.ogrod.uw.edu.pl\/en\/mission\/#breadcrumb"},"inLanguage":"en-US","potentialAction":[{"@type":"ReadAction","target":["https:\/\/www.ogrod.uw.edu.pl\/en\/mission\/"]}]},{"@type":"BreadcrumbList","@id":"https:\/\/www.ogrod.uw.edu.pl\/en\/mission\/#breadcrumb","itemListElement":[{"@type":"ListItem","position":1,"name":"Strona g\u0142\u00f3wna","item":"https:\/\/www.ogrod.uw.edu.pl\/en\/"},{"@type":"ListItem","position":2,"name":"Mission"}]},{"@type":"WebSite","@id":"https:\/\/www.ogrod.uw.edu.pl\/#website","url":"https:\/\/www.ogrod.uw.edu.pl\/","name":"Ogr\u00f3d Botaniczny Uniwersytetu Warszawskiego","description":"Z ro\u015blinami, o ro\u015blinach i dla ro\u015blin","potentialAction":[{"@type":"SearchAction","target":{"@type":"EntryPoint","urlTemplate":"https:\/\/www.ogrod.uw.edu.pl\/?s={search_term_string}"},"query-input":{"@type":"PropertyValueSpecification","valueRequired":true,"valueName":"search_term_string"}}],"inLanguage":"en-US"}]}},"_links":{"self":[{"href":"https:\/\/www.ogrod.uw.edu.pl\/en\/wp-json\/wp\/v2\/pages\/1853","targetHints":{"allow":["GET"]}}],"collection":[{"href":"https:\/\/www.ogrod.uw.edu.pl\/en\/wp-json\/wp\/v2\/pages"}],"about":[{"href":"https:\/\/www.ogrod.uw.edu.pl\/en\/wp-json\/wp\/v2\/types\/page"}],"author":[{"embeddable":true,"href":"https:\/\/www.ogrod.uw.edu.pl\/en\/wp-json\/wp\/v2\/users\/1"}],"replies":[{"embeddable":true,"href":"https:\/\/www.ogrod.uw.edu.pl\/en\/wp-json\/wp\/v2\/comments?post=1853"}],"version-history":[{"count":1,"href":"https:\/\/www.ogrod.uw.edu.pl\/en\/wp-json\/wp\/v2\/pages\/1853\/revisions"}],"predecessor-version":[{"id":3080,"href":"https:\/\/www.ogrod.uw.edu.pl\/en\/wp-json\/wp\/v2\/pages\/1853\/revisions\/3080"}],"wp:attachment":[{"href":"https:\/\/www.ogrod.uw.edu.pl\/en\/wp-json\/wp\/v2\/media?parent=1853"}],"curies":[{"name":"wp","href":"https:\/\/api.w.org\/{rel}","templated":true}]}}